{"id":13,"date":"2026-01-18T18:20:32","date_gmt":"2026-01-18T18:20:32","guid":{"rendered":"https:\/\/prokuratura.narodu.pl\/?page_id=13"},"modified":"2026-01-18T18:22:08","modified_gmt":"2026-01-18T18:22:08","slug":"prokuratura-narodu","status":"publish","type":"page","link":"https:\/\/prokuratura.narodu.pl\/index.php\/prokuratura-narodu\/","title":{"rendered":"PROKURATURA NARODU"},"content":{"rendered":"<p><b>Prokuratura Narodowa<\/b>, zwana te\u017c\u00a0<strong>Prokuratur\u0105 Narodu<\/strong>\u00a0dzia\u0142a w oparciu o narodowo\u015b\u0107 pozbawion\u0105 tzw. administrowania terytoriami powierniczymi z tych te\u017c stronniczo\u015bci korzystaj\u0105cymi na zasadzie s\u0142usznej s\u0142u\u017cebno\u015bci wobec prawa dziedziczenia. Nacjonalizacje pa\u0144stwowe, kt\u00f3re w r\u00f3\u017cny spos\u00f3b pr\u00f3bowano wykaza\u0107 jako Narody, rozr\u00f3\u017cni\u0107 nale\u017cy od Narodu opartego na rodzimo\u015bci. Zgodnie z zasad\u0105 prawdy wykazan\u0105 m.in. art. 2 wpn (kpk) oraz art. 3 wpn (kpc) odnosi\u0107 nale\u017cy ka\u017cde rozstrzygni\u0119cie o dowody.<\/p>\n<p>Wykazuj\u0105c dzia\u0142alno\u015b\u0107 prokuratury narodowej, okre\u015bla si\u0119 zapewnienie prawid\u0142owego toku post\u0119powania w ka\u017cdej sprawie, co do kt\u00f3rej orzeka si\u0119 o winie. Wobec powy\u017cszego gdy zachodzi okoliczno\u015b\u0107 orzekania o winie, stosowna kara rozstrzygana jest co do poczucia ukarania, zniewagi pozbawienia dowolnego rodzaju wolno\u015bci lub oddzia\u0142ywania praktyk\u0105, metod\u0105, zastosowaniem lub zado\u015b\u0107uczynieniem po\u015brednim zakazanych program\u00f3w i organizacji z art. 13 Konstytucji. Wykazuj\u0105c prokuratur\u0119 narodow\u0105 wykorzystujemy prawo do obrony i wszczynania post\u0119powa\u0144 z urz\u0119du tak\u017ce za pomoc\u0105 organizacji spo\u0142ecznych.<\/p>\n","protected":false},"excerpt":{"rendered":"<p>Prokuratura Narodowa, zwana te\u017c\u00a0Prokuratur\u0105 Narodu\u00a0dzia\u0142a w oparciu o narodowo\u015b\u0107 pozbawion\u0105 tzw. administrowania terytoriami powierniczymi z tych te\u017c stronniczo\u015bci korzystaj\u0105cymi na zasadzie s\u0142usznej s\u0142u\u017cebno\u015bci wobec prawa dziedziczenia. Nacjonalizacje pa\u0144stwowe, kt\u00f3re w [&hellip;]<\/p>\n","protected":false},"author":1,"featured_media":0,"parent":0,"menu_order":0,"comment_status":"closed","ping_status":"closed","template":"page-templates\/full-width.php","meta":{"footnotes":""},"class_list":["post-13","page","type-page","status-publish","hentry"],"_links":{"self":[{"href":"https:\/\/prokuratura.narodu.pl\/index.php\/wp-json\/wp\/v2\/pages\/13","targetHints":{"allow":["GET"]}}],"collection":[{"href":"https:\/\/prokuratura.narodu.pl\/index.php\/wp-json\/wp\/v2\/pages"}],"about":[{"href":"https:\/\/prokuratura.narodu.pl\/index.php\/wp-json\/wp\/v2\/types\/page"}],"author":[{"embeddable":true,"href":"https:\/\/prokuratura.narodu.pl\/index.php\/wp-json\/wp\/v2\/users\/1"}],"replies":[{"embeddable":true,"href":"https:\/\/prokuratura.narodu.pl\/index.php\/wp-json\/wp\/v2\/comments?post=13"}],"version-history":[{"count":2,"href":"https:\/\/prokuratura.narodu.pl\/index.php\/wp-json\/wp\/v2\/pages\/13\/revisions"}],"predecessor-version":[{"id":15,"href":"https:\/\/prokuratura.narodu.pl\/index.php\/wp-json\/wp\/v2\/pages\/13\/revisions\/15"}],"wp:attachment":[{"href":"https:\/\/prokuratura.narodu.pl\/index.php\/wp-json\/wp\/v2\/media?parent=13"}],"curies":[{"name":"wp","href":"https:\/\/api.w.org\/{rel}","templated":true}]}}